{"id":121,"date":"2025-01-26T18:35:19","date_gmt":"2025-01-26T18:35:19","guid":{"rendered":"https:\/\/barlomar.ma\/?page_id=121"},"modified":"2025-02-03T21:47:31","modified_gmt":"2025-02-03T21:47:31","slug":"a-propos","status":"publish","type":"page","link":"https:\/\/barlomar.ma\/?page_id=121","title":{"rendered":"\u00c0 propos"},"content":{"rendered":"\n<div class=\"wp-block-group alignfull has-global-padding is-layout-constrained wp-container-core-group-is-layout-23b1a4dc wp-block-group-is-layout-constrained\" style=\"padding-top:var(--wp--preset--spacing--30);padding-right:var(--wp--preset--spacing--30);padding-bottom:var(--wp--preset--spacing--30);padding-left:var(--wp--preset--spacing--30)\">\n<div class=\"wp-block-group alignwide is-content-justification-space-between is-layout-flex wp-container-core-group-is-layout-b585a4aa wp-block-group-is-layout-flex\">\n<div class=\"wp-block-group is-layout-flex wp-container-core-group-is-layout-7a92790e wp-block-group-is-layout-flex\"><div class=\"wp-block-site-logo\"><a href=\"https:\/\/barlomar.ma\/\" class=\"custom-logo-link\" rel=\"home\"><img loading=\"lazy\" decoding=\"async\" width=\"200\" height=\"102\" src=\"https:\/\/barlomar.ma\/wp-content\/uploads\/2025\/01\/Barlomar_Sin-fondo-copia.png\" class=\"custom-logo\" alt=\"\" srcset=\"https:\/\/barlomar.ma\/wp-content\/uploads\/2025\/01\/Barlomar_Sin-fondo-copia.png 1417w, https:\/\/barlomar.ma\/wp-content\/uploads\/2025\/01\/Barlomar_Sin-fondo-copia-300x154.png 300w, https:\/\/barlomar.ma\/wp-content\/uploads\/2025\/01\/Barlomar_Sin-fondo-copia-1024x526.png 1024w, https:\/\/barlomar.ma\/wp-content\/uploads\/2025\/01\/Barlomar_Sin-fondo-copia-768x395.png 768w\" sizes=\"auto, (max-width: 200px) 100vw, 200px\" \/><\/a><\/div>\n\n<\/div>\n\n\n<nav class=\"is-responsive items-justified-right wp-block-navigation is-content-justification-right is-layout-flex wp-container-core-navigation-is-layout-f665d2b5 wp-block-navigation-is-layout-flex\" aria-label=\"Navegaci\u00f3n de Pie de p\u00e1gina 2\" \n\t\t data-wp-interactive=\"core\/navigation\" data-wp-context='{\"overlayOpenedBy\":{\"click\":false,\"hover\":false,\"focus\":false},\"type\":\"overlay\",\"roleAttribute\":\"\",\"ariaLabel\":\"Men\\u00fa\"}'><button aria-haspopup=\"dialog\" aria-label=\"Abrir el men\u00fa\" class=\"wp-block-navigation__responsive-container-open\" \n\t\t\t\tdata-wp-on--click=\"actions.openMenuOnClick\"\n\t\t\t\tdata-wp-on--keydown=\"actions.handleMenuKeydown\"\n\t\t\t><svg width=\"24\" height=\"24\" xmlns=\"http:\/\/www.w3.org\/2000\/svg\" viewBox=\"0 0 24 24\" aria-hidden=\"true\" focusable=\"false\"><path d=\"M4 7.5h16v1.5H4z\"><\/path><path d=\"M4 15h16v1.5H4z\"><\/path><\/svg><\/button>\n\t\t\t\t<div class=\"wp-block-navigation__responsive-container\"  id=\"modal-1\" \n\t\t\t\tdata-wp-class--has-modal-open=\"state.isMenuOpen\"\n\t\t\t\tdata-wp-class--is-menu-open=\"state.isMenuOpen\"\n\t\t\t\tdata-wp-watch=\"callbacks.initMenu\"\n\t\t\t\tdata-wp-on--keydown=\"actions.handleMenuKeydown\"\n\t\t\t\tdata-wp-on--focusout=\"actions.handleMenuFocusout\"\n\t\t\t\ttabindex=\"-1\"\n\t\t\t>\n\t\t\t\t\t<div class=\"wp-block-navigation__responsive-close\" tabindex=\"-1\">\n\t\t\t\t\t\t<div class=\"wp-block-navigation__responsive-dialog\" \n\t\t\t\tdata-wp-bind--aria-modal=\"state.ariaModal\"\n\t\t\t\tdata-wp-bind--aria-label=\"state.ariaLabel\"\n\t\t\t\tdata-wp-bind--role=\"state.roleAttribute\"\n\t\t\t>\n\t\t\t\t\t\t\t<button aria-label=\"Cerrar el men\u00fa\" class=\"wp-block-navigation__responsive-container-close\" \n\t\t\t\tdata-wp-on--click=\"actions.closeMenuOnClick\"\n\t\t\t><svg xmlns=\"http:\/\/www.w3.org\/2000\/svg\" viewBox=\"0 0 24 24\" width=\"24\" height=\"24\" aria-hidden=\"true\" focusable=\"false\"><path d=\"m13.06 12 6.47-6.47-1.06-1.06L12 10.94 5.53 4.47 4.47 5.53 10.94 12l-6.47 6.47 1.06 1.06L12 13.06l6.47 6.47 1.06-1.06L13.06 12Z\"><\/path><\/svg><\/button>\n\t\t\t\t\t\t\t<div class=\"wp-block-navigation__responsive-container-content\" \n\t\t\t\tdata-wp-watch=\"callbacks.focusFirstElement\"\n\t\t\t id=\"modal-1-content\">\n\t\t\t\t\t\t\t\t<ul class=\"wp-block-navigation__container is-responsive items-justified-right wp-block-navigation\"><li class=\" wp-block-navigation-item wp-block-navigation-link\"><a class=\"wp-block-navigation-item__content\"  href=\"https:\/\/barlomar.ma\/?page_id=70\"><span class=\"wp-block-navigation-item__label\"><strong>Aquaculture<\/strong><\/span><\/a><\/li><li class=\" wp-block-navigation-item wp-block-navigation-link\"><a class=\"wp-block-navigation-item__content\"  href=\"https:\/\/barlomar.ma\/?page_id=27\"><span class=\"wp-block-navigation-item__label\"><strong>Installations<\/strong><\/span><\/a><\/li><li class=\" wp-block-navigation-item wp-block-navigation-link\"><a class=\"wp-block-navigation-item__content\"  href=\"https:\/\/barlomar.ma\/?page_id=121\"><span class=\"wp-block-navigation-item__label\"><strong>Notre histoire<\/strong><\/span><\/a><\/li><li class=\" wp-block-navigation-item wp-block-navigation-link\"><a class=\"wp-block-navigation-item__content\"  href=\"https:\/\/barlomar.ma\/?page_id=137\"><span class=\"wp-block-navigation-item__label\"><strong>Contactez-nous<\/strong><\/span><\/a><\/li><\/ul>\n\t\t\t\t\t\t\t<\/div>\n\t\t\t\t\t\t<\/div>\n\t\t\t\t\t<\/div>\n\t\t\t\t<\/div><\/nav><\/div>\n<\/div>\n\n\n\n<div class=\"wp-block-group alignfull has-accent-background-color has-background has-global-padding is-layout-constrained wp-container-core-group-is-layout-669513ed wp-block-group-is-layout-constrained\" style=\"margin-top:0;margin-bottom:0;padding-top:var(--wp--preset--spacing--50);padding-right:var(--wp--preset--spacing--50);padding-bottom:var(--wp--preset--spacing--50);padding-left:var(--wp--preset--spacing--50)\">\n<div class=\"wp-block-columns alignwide is-layout-flex wp-container-core-columns-is-layout-1da03c2a wp-block-columns-is-layout-flex\">\n<div class=\"wp-block-column is-vertically-aligned-stretch is-layout-flow wp-block-column-is-layout-flow\" style=\"flex-basis:50%\">\n<div class=\"wp-block-group is-vertical is-content-justification-stretch is-layout-flex wp-container-core-group-is-layout-444d5ee8 wp-block-group-is-layout-flex\" style=\"min-height:100%\">\n<p class=\"has-heading-font-family has-x-large-font-size\" style=\"line-height:1.2\">Fond\u00e9e en 2018 et sa ferme \u00e0 Imiouaddar, Agadir; Barlomar est une entreprise pionni\u00e8re dans l&#8217;installation, la culture et la r\u00e9colte de moules dans le sud du Maroc.<\/p>\n\n\n\n<div class=\"wp-block-group has-global-padding is-content-justification-left is-layout-constrained wp-container-core-group-is-layout-9fe8ed88 wp-block-group-is-layout-constrained\">\n<div class=\"wp-block-buttons is-layout-flex wp-block-buttons-is-layout-flex\">\n<div class=\"wp-block-button\"><a class=\"wp-block-button__link wp-element-button\">Contactez-nous<\/a><\/div>\n<\/div>\n<\/div>\n<\/div>\n<\/div>\n\n\n\n<div class=\"wp-block-column is-vertically-aligned-center is-layout-flow wp-block-column-is-layout-flow\" style=\"flex-basis:50%\">\n<figure class=\"wp-block-image size-large is-style-rounded is-style-rounded--2\"><img loading=\"lazy\" decoding=\"async\" width=\"768\" height=\"1024\" src=\"https:\/\/barlomar.ma\/wp-content\/uploads\/2025\/01\/PHOTO-2024-12-04-14-37-22-768x1024.jpg\" alt=\"\" class=\"wp-image-141\" style=\"aspect-ratio:3\/4;object-fit:cover\" srcset=\"https:\/\/barlomar.ma\/wp-content\/uploads\/2025\/01\/PHOTO-2024-12-04-14-37-22-768x1024.jpg 768w, https:\/\/barlomar.ma\/wp-content\/uploads\/2025\/01\/PHOTO-2024-12-04-14-37-22-225x300.jpg 225w, https:\/\/barlomar.ma\/wp-content\/uploads\/2025\/01\/PHOTO-2024-12-04-14-37-22-1152x1536.jpg 1152w, https:\/\/barlomar.ma\/wp-content\/uploads\/2025\/01\/PHOTO-2024-12-04-14-37-22.jpg 1536w\" sizes=\"auto, (max-width: 768px) 100vw, 768px\" \/><\/figure>\n<\/div>\n<\/div>\n<\/div>\n\n\n\n<div class=\"wp-block-group alignfull has-base-2-background-color has-background has-global-padding is-layout-constrained wp-container-core-group-is-layout-669513ed wp-block-group-is-layout-constrained\" style=\"margin-top:0;margin-bottom:0;padding-top:var(--wp--preset--spacing--50);padding-right:var(--wp--preset--spacing--50);padding-bottom:var(--wp--preset--spacing--50);padding-left:var(--wp--preset--spacing--50)\">\n<div class=\"wp-block-group is-vertical is-content-justification-center is-layout-flex wp-container-core-group-is-layout-52b864f0 wp-block-group-is-layout-flex\">\n<h2 class=\"wp-block-heading has-text-align-center is-style-asterisk\">Une vision pionni\u00e8re de l&#8217;aquaculture<\/h2>\n\n\n\n<div style=\"height:0px\" aria-hidden=\"true\" class=\"wp-block-spacer wp-container-content-4f2ccadb\"><\/div>\n\n\n\n<p class=\"has-text-align-center\">Nous sommes sp\u00e9cialis\u00e9s non seulement dans la gestion des fermes mytilicoles utilisant des syst\u00e8mes de long-line mais \u00e9galement dans leur planification, leur d\u00e9veloppement et leur installation.<br>Nos produits et services sont soumis \u00e0 une supervision rigoureuse par notre estim\u00e9 partenaire espagnol, Barlovento S.A.<\/p>\n<\/div>\n\n\n\n<div style=\"margin-top:0;margin-bottom:0;height:var(--wp--preset--spacing--40)\" aria-hidden=\"true\" class=\"wp-block-spacer\"><\/div>\n\n\n\n<div class=\"wp-block-columns alignwide is-layout-flex wp-container-core-columns-is-layout-d0bbbce0 wp-block-columns-is-layout-flex\">\n<div class=\"wp-block-column is-layout-flow wp-container-core-column-is-layout-e3d1c41b wp-block-column-is-layout-flow\">\n<h3 class=\"wp-block-heading has-text-align-left is-style-asterisk has-body-font-family has-medium-font-size\" style=\"font-style:normal;font-weight:600\">Un Record<\/h3>\n\n\n\n<p class=\"has-text-align-left\">Ces derni\u00e8res ann\u00e9es, Barlomar a r\u00e9ussi \u00e0 mettre en \u0153uvre plusieurs installations aquacoles, notamment des bou\u00e9es de signalisation et de balisage, des corps-morts en b\u00e9ton, des syst\u00e8mes de long-line pour les moules et des cages \u00e0 poissons.<\/p>\n<\/div>\n\n\n\n<div class=\"wp-block-column is-layout-flow wp-container-core-column-is-layout-e3d1c41b wp-block-column-is-layout-flow\">\n<h3 class=\"wp-block-heading has-text-align-left is-style-asterisk has-body-font-family has-medium-font-size\" style=\"font-style:normal;font-weight:600\">Un Succ\u00e8s<\/h3>\n\n\n\n<p class=\"has-text-align-left\">Notre syst\u00e8me de long-line \u00e9t\u00e9 m\u00e9ticuleusement con\u00e7u par nos responsables de production, qui poss\u00e8dent une exp\u00e9rience av\u00e9r\u00e9e pour garantir son efficacit\u00e9 et sa durabilit\u00e9.<\/p>\n<\/div>\n\n\n\n<div class=\"wp-block-column is-layout-flow wp-container-core-column-is-layout-e3d1c41b wp-block-column-is-layout-flow\">\n<h3 class=\"wp-block-heading has-text-align-left is-style-asterisk has-body-font-family has-medium-font-size\" style=\"font-style:normal;font-weight:600\">Une Exp\u00e9rience<\/h3>\n\n\n\n<p class=\"has-text-align-left\">Notre \u00e9quipe est compos\u00e9e d&#8217;experts chevronn\u00e9s qui ont consacr\u00e9 toute leur carri\u00e8re non seulement \u00e0 la r\u00e9colte de moules, mais aussi au d\u00e9veloppement des meilleures pratiques et techniques du secteur.<\/p>\n<\/div>\n<\/div>\n\n\n\n<div style=\"height:var(--wp--preset--spacing--20)\" aria-hidden=\"true\" class=\"wp-block-spacer\"><\/div>\n<\/div>\n","protected":false},"excerpt":{"rendered":"<p>Fond\u00e9e en 2018 et sa ferme \u00e0 Imiouaddar, Agadir; Barlomar est une entreprise pionni\u00e8re dans l&#8217;installation, la culture et la r\u00e9colte de moules dans le sud du Maroc. Une vision pionni\u00e8re de l&#8217;aquaculture Nous sommes sp\u00e9cialis\u00e9s non seulement dans la gestion des fermes mytilicoles utilisant des syst\u00e8mes de long-line mais \u00e9galement dans leur planification, leur [&hellip;]<\/p>\n","protected":false},"author":1,"featured_media":0,"parent":0,"menu_order":0,"comment_status":"closed","ping_status":"closed","template":"","meta":{"footnotes":""},"class_list":["post-121","page","type-page","status-publish","hentry"],"_links":{"self":[{"href":"https:\/\/barlomar.ma\/index.php?rest_route=\/wp\/v2\/pages\/121","targetHints":{"allow":["GET"]}}],"collection":[{"href":"https:\/\/barlomar.ma\/index.php?rest_route=\/wp\/v2\/pages"}],"about":[{"href":"https:\/\/barlomar.ma\/index.php?rest_route=\/wp\/v2\/types\/page"}],"author":[{"embeddable":true,"href":"https:\/\/barlomar.ma\/index.php?rest_route=\/wp\/v2\/users\/1"}],"replies":[{"embeddable":true,"href":"https:\/\/barlomar.ma\/index.php?rest_route=%2Fwp%2Fv2%2Fcomments&post=121"}],"version-history":[{"count":11,"href":"https:\/\/barlomar.ma\/index.php?rest_route=\/wp\/v2\/pages\/121\/revisions"}],"predecessor-version":[{"id":206,"href":"https:\/\/barlomar.ma\/index.php?rest_route=\/wp\/v2\/pages\/121\/revisions\/206"}],"wp:attachment":[{"href":"https:\/\/barlomar.ma\/index.php?rest_route=%2Fwp%2Fv2%2Fmedia&parent=121"}],"curies":[{"name":"wp","href":"https:\/\/api.w.org\/{rel}","templated":true}]}}