{"id":137,"date":"2025-01-26T19:18:54","date_gmt":"2025-01-26T19:18:54","guid":{"rendered":"https:\/\/barlomar.ma\/?page_id=137"},"modified":"2025-02-02T22:18:38","modified_gmt":"2025-02-02T22:18:38","slug":"contactez-nous-2","status":"publish","type":"page","link":"https:\/\/barlomar.ma\/?page_id=137","title":{"rendered":"Contactez-nous"},"content":{"rendered":"\n<div class=\"wp-block-group alignfull has-global-padding is-layout-constrained wp-container-core-group-is-layout-23b1a4dc wp-block-group-is-layout-constrained\" style=\"padding-top:var(--wp--preset--spacing--30);padding-right:var(--wp--preset--spacing--30);padding-bottom:var(--wp--preset--spacing--30);padding-left:var(--wp--preset--spacing--30)\">\n<div class=\"wp-block-group alignwide is-content-justification-space-between is-layout-flex wp-container-core-group-is-layout-b585a4aa wp-block-group-is-layout-flex\">\n<div class=\"wp-block-group is-layout-flex wp-container-core-group-is-layout-7a92790e wp-block-group-is-layout-flex\"><div class=\"wp-block-site-logo\"><a href=\"https:\/\/barlomar.ma\/\" class=\"custom-logo-link\" rel=\"home\"><img loading=\"lazy\" decoding=\"async\" width=\"200\" height=\"102\" src=\"https:\/\/barlomar.ma\/wp-content\/uploads\/2025\/01\/Barlomar_Sin-fondo-copia.png\" class=\"custom-logo\" alt=\"\" srcset=\"https:\/\/barlomar.ma\/wp-content\/uploads\/2025\/01\/Barlomar_Sin-fondo-copia.png 1417w, https:\/\/barlomar.ma\/wp-content\/uploads\/2025\/01\/Barlomar_Sin-fondo-copia-300x154.png 300w, https:\/\/barlomar.ma\/wp-content\/uploads\/2025\/01\/Barlomar_Sin-fondo-copia-1024x526.png 1024w, https:\/\/barlomar.ma\/wp-content\/uploads\/2025\/01\/Barlomar_Sin-fondo-copia-768x395.png 768w\" sizes=\"auto, (max-width: 200px) 100vw, 200px\" \/><\/a><\/div>\n\n<\/div>\n\n\n<nav class=\"is-responsive items-justified-right wp-block-navigation is-content-justification-right is-layout-flex wp-container-core-navigation-is-layout-f665d2b5 wp-block-navigation-is-layout-flex\" aria-label=\"Navegaci\u00f3n de Pie de p\u00e1gina 2\" \n\t\t data-wp-interactive=\"core\/navigation\" data-wp-context='{\"overlayOpenedBy\":{\"click\":false,\"hover\":false,\"focus\":false},\"type\":\"overlay\",\"roleAttribute\":\"\",\"ariaLabel\":\"Men\\u00fa\"}'><button aria-haspopup=\"dialog\" aria-label=\"Abrir el men\u00fa\" class=\"wp-block-navigation__responsive-container-open\" \n\t\t\t\tdata-wp-on--click=\"actions.openMenuOnClick\"\n\t\t\t\tdata-wp-on--keydown=\"actions.handleMenuKeydown\"\n\t\t\t><svg width=\"24\" height=\"24\" xmlns=\"http:\/\/www.w3.org\/2000\/svg\" viewBox=\"0 0 24 24\" aria-hidden=\"true\" focusable=\"false\"><path d=\"M4 7.5h16v1.5H4z\"><\/path><path d=\"M4 15h16v1.5H4z\"><\/path><\/svg><\/button>\n\t\t\t\t<div class=\"wp-block-navigation__responsive-container\"  id=\"modal-1\" \n\t\t\t\tdata-wp-class--has-modal-open=\"state.isMenuOpen\"\n\t\t\t\tdata-wp-class--is-menu-open=\"state.isMenuOpen\"\n\t\t\t\tdata-wp-watch=\"callbacks.initMenu\"\n\t\t\t\tdata-wp-on--keydown=\"actions.handleMenuKeydown\"\n\t\t\t\tdata-wp-on--focusout=\"actions.handleMenuFocusout\"\n\t\t\t\ttabindex=\"-1\"\n\t\t\t>\n\t\t\t\t\t<div class=\"wp-block-navigation__responsive-close\" tabindex=\"-1\">\n\t\t\t\t\t\t<div class=\"wp-block-navigation__responsive-dialog\" \n\t\t\t\tdata-wp-bind--aria-modal=\"state.ariaModal\"\n\t\t\t\tdata-wp-bind--aria-label=\"state.ariaLabel\"\n\t\t\t\tdata-wp-bind--role=\"state.roleAttribute\"\n\t\t\t>\n\t\t\t\t\t\t\t<button aria-label=\"Cerrar el men\u00fa\" class=\"wp-block-navigation__responsive-container-close\" \n\t\t\t\tdata-wp-on--click=\"actions.closeMenuOnClick\"\n\t\t\t><svg xmlns=\"http:\/\/www.w3.org\/2000\/svg\" viewBox=\"0 0 24 24\" width=\"24\" height=\"24\" aria-hidden=\"true\" focusable=\"false\"><path d=\"m13.06 12 6.47-6.47-1.06-1.06L12 10.94 5.53 4.47 4.47 5.53 10.94 12l-6.47 6.47 1.06 1.06L12 13.06l6.47 6.47 1.06-1.06L13.06 12Z\"><\/path><\/svg><\/button>\n\t\t\t\t\t\t\t<div class=\"wp-block-navigation__responsive-container-content\" \n\t\t\t\tdata-wp-watch=\"callbacks.focusFirstElement\"\n\t\t\t id=\"modal-1-content\">\n\t\t\t\t\t\t\t\t<ul class=\"wp-block-navigation__container is-responsive items-justified-right wp-block-navigation\"><li class=\" wp-block-navigation-item wp-block-navigation-link\"><a class=\"wp-block-navigation-item__content\"  href=\"https:\/\/barlomar.ma\/?page_id=70\"><span class=\"wp-block-navigation-item__label\"><strong>Aquaculture<\/strong><\/span><\/a><\/li><li class=\" wp-block-navigation-item wp-block-navigation-link\"><a class=\"wp-block-navigation-item__content\"  href=\"https:\/\/barlomar.ma\/?page_id=27\"><span class=\"wp-block-navigation-item__label\"><strong>Installations<\/strong><\/span><\/a><\/li><li class=\" wp-block-navigation-item wp-block-navigation-link\"><a class=\"wp-block-navigation-item__content\"  href=\"https:\/\/barlomar.ma\/?page_id=121\"><span class=\"wp-block-navigation-item__label\"><strong>Notre histoire<\/strong><\/span><\/a><\/li><li class=\" wp-block-navigation-item wp-block-navigation-link\"><a class=\"wp-block-navigation-item__content\"  href=\"https:\/\/barlomar.ma\/?page_id=137\"><span class=\"wp-block-navigation-item__label\"><strong>Contactez-nous<\/strong><\/span><\/a><\/li><\/ul>\n\t\t\t\t\t\t\t<\/div>\n\t\t\t\t\t\t<\/div>\n\t\t\t\t\t<\/div>\n\t\t\t\t<\/div><\/nav><\/div>\n<\/div>\n\n\n\n<h2 class=\"wp-block-heading has-text-align-center\">Formulaire de contact<\/h2>\n\n\n\n<p class=\"has-text-align-center\">Si vous souhaitez nous contacter, veuillez remplir le formulaire ci-dessous et nous vous r\u00e9pondrons dans les plus brefs d\u00e9lais.<\/p>\n\n\n\n<div class=\"wp-block-columns are-vertically-aligned-center is-layout-flex wp-container-core-columns-is-layout-28f84493 wp-block-columns-is-layout-flex\">\n<div class=\"wp-block-column is-vertically-aligned-center is-layout-flow wp-block-column-is-layout-flow\" style=\"flex-basis:100%\">\n<div class=\"wp-block-group has-global-padding is-layout-constrained wp-block-group-is-layout-constrained\"><style id=\"wpforms-css-vars-133-block-08ce10ea-cb34-48fc-a1b1-31258a8186b4\">\n\t\t\t\t#wpforms-133.wpforms-block-08ce10ea-cb34-48fc-a1b1-31258a8186b4 {\n\t\t\t\t--wpforms-label-color: #000000;\n--wpforms-label-sublabel-color: #F3F0E7;\n--wpforms-label-error-color: #ff0000;\n--wpforms-page-break-color: #dddddd;\n--wpforms-field-border-radius: 0px;\n--wpforms-field-border-color: #cccccc;\n--wpforms-field-border-color-spare: #cccccc;\n--wpforms-field-text-color: #444444;\n--wpforms-button-border-style: solid;\n--wpforms-button-border-radius: 0px;\n--wpforms-button-background-color: #A62B0C;\n--wpforms-button-text-color: #F3F0E7;\n--wpforms-button-border-color: #A62B0C;\n--wpforms-field-size-input-height: 43px;\n--wpforms-field-size-input-spacing: 15px;\n--wpforms-field-size-font-size: 16px;\n--wpforms-field-size-line-height: 19px;\n--wpforms-field-size-padding-h: 14px;\n--wpforms-field-size-checkbox-size: 16px;\n--wpforms-field-size-sublabel-spacing: 5px;\n--wpforms-field-size-icon-size: 1;\n--wpforms-label-size-font-size: 14px;\n--wpforms-label-size-line-height: 17px;\n--wpforms-label-size-sublabel-font-size: 13px;\n--wpforms-label-size-sublabel-line-height: 16px;\n--wpforms-button-size-font-size: 17px;\n--wpforms-button-size-height: 41px;\n--wpforms-button-size-padding-h: 15px;\n--wpforms-button-size-margin-top: 10px;\n\n\t\t\t}\n\t\t\t<\/style><div class=\"wpforms-container wpforms-container-full wpforms-block wpforms-block-08ce10ea-cb34-48fc-a1b1-31258a8186b4 wpforms-render-modern\" id=\"wpforms-133\"><form id=\"wpforms-form-133\" class=\"wpforms-validate wpforms-form wpforms-ajax-form\" data-formid=\"133\" method=\"post\" enctype=\"multipart\/form-data\" action=\"\/index.php?rest_route=%2Fwp%2Fv2%2Fpages%2F137\" data-token=\"265387cadcd83c2ea16945ae9fe1d507\" data-token-time=\"1778564807\"><noscript class=\"wpforms-error-noscript\">Por favor, activa JavaScript en tu navegador para completar este formulario.<\/noscript><div class=\"wpforms-hidden\" id=\"wpforms-error-noscript\">Por favor, activa JavaScript en tu navegador para completar este formulario.<\/div><div class=\"wpforms-field-container\"><div id=\"wpforms-133-field_1-container\" class=\"wpforms-field wpforms-field-name\" data-field-id=\"1\"><label class=\"wpforms-field-label\" for=\"wpforms-133-field_1\">Nom Complet <span class=\"wpforms-required-label\" aria-hidden=\"true\">*<\/span><\/label><input type=\"text\" id=\"wpforms-133-field_1\" class=\"wpforms-field-medium wpforms-field-required\" name=\"wpforms[fields][1]\" aria-errormessage=\"wpforms-133-field_1-error\" required><\/div><div id=\"wpforms-133-field_12-container\" class=\"wpforms-field wpforms-field-text\" data-field-id=\"12\"><label class=\"wpforms-field-label\" for=\"wpforms-133-field_12\">Enterprise <span class=\"wpforms-required-label\" aria-hidden=\"true\">*<\/span><\/label><input type=\"text\" id=\"wpforms-133-field_12\" class=\"wpforms-field-medium wpforms-field-required\" name=\"wpforms[fields][12]\" aria-errormessage=\"wpforms-133-field_12-error\" required><\/div><div id=\"wpforms-133-field_13-container\" class=\"wpforms-field wpforms-field-text\" data-field-id=\"13\"><label class=\"wpforms-field-label\" for=\"wpforms-133-field_13\">Poste <span class=\"wpforms-required-label\" aria-hidden=\"true\">*<\/span><\/label><input type=\"text\" id=\"wpforms-133-field_13\" class=\"wpforms-field-medium wpforms-field-required\" name=\"wpforms[fields][13]\" aria-errormessage=\"wpforms-133-field_13-error\" required><\/div><div id=\"wpforms-133-field_11-container\" class=\"wpforms-field wpforms-field-number\" data-field-id=\"11\"><label class=\"wpforms-field-label\" for=\"wpforms-133-field_11\">Num\u00e9ro de t\u00e9l\u00e9phone <span class=\"wpforms-required-label\" aria-hidden=\"true\">*<\/span><\/label><input type=\"number\" id=\"wpforms-133-field_11\" class=\"wpforms-field-medium wpforms-field-required\" name=\"wpforms[fields][11]\" aria-errormessage=\"wpforms-133-field_11-error\" required><\/div><div id=\"wpforms-133-field_2-container\" class=\"wpforms-field wpforms-field-email\" data-field-id=\"2\"><label class=\"wpforms-field-label\" for=\"wpforms-133-field_2\">Adresse e-mail <span class=\"wpforms-required-label\" aria-hidden=\"true\">*<\/span><\/label><input type=\"email\" id=\"wpforms-133-field_2\" class=\"wpforms-field-medium wpforms-field-required\" name=\"wpforms[fields][2]\" spellcheck=\"false\" aria-errormessage=\"wpforms-133-field_2-error\" required><\/div><div id=\"wpforms-133-field_14-container\" class=\"wpforms-field wpforms-field-radio\" data-field-id=\"14\"><fieldset><legend class=\"wpforms-field-label\">Qu&#039;est-ce qui vous int\u00e9resse? <span class=\"wpforms-required-label\" aria-hidden=\"true\">*<\/span><\/legend><ul id=\"wpforms-133-field_14\" class=\"wpforms-field-required\"><li class=\"choice-1 depth-1\"><input type=\"radio\" id=\"wpforms-133-field_14_1\" name=\"wpforms[fields][14]\" value=\"Installation de long-line\" aria-errormessage=\"wpforms-133-field_14_1-error\" required ><label class=\"wpforms-field-label-inline\" for=\"wpforms-133-field_14_1\">Installation de long-line<\/label><\/li><li class=\"choice-5 depth-1\"><input type=\"radio\" id=\"wpforms-133-field_14_5\" name=\"wpforms[fields][14]\" value=\"Installation de bou\u00e9es de balisage\" aria-errormessage=\"wpforms-133-field_14_5-error\" required ><label class=\"wpforms-field-label-inline\" for=\"wpforms-133-field_14_5\">Installation de bou\u00e9es de balisage<\/label><\/li><li class=\"choice-4 depth-1\"><input type=\"radio\" id=\"wpforms-133-field_14_4\" name=\"wpforms[fields][14]\" value=\"Conseil pour installations aquacoles\" aria-errormessage=\"wpforms-133-field_14_4-error\" required ><label class=\"wpforms-field-label-inline\" for=\"wpforms-133-field_14_4\">Conseil pour installations aquacoles<\/label><\/li><li class=\"choice-2 depth-1\"><input type=\"radio\" id=\"wpforms-133-field_14_2\" name=\"wpforms[fields][14]\" value=\"Formation du personnel pour les installations aquacoles\" aria-errormessage=\"wpforms-133-field_14_2-error\" required ><label class=\"wpforms-field-label-inline\" for=\"wpforms-133-field_14_2\">Formation du personnel pour les installations aquacoles<\/label><\/li><li class=\"choice-3 depth-1\"><input type=\"radio\" id=\"wpforms-133-field_14_3\" name=\"wpforms[fields][14]\" value=\"Bateaux aquacoles\" aria-errormessage=\"wpforms-133-field_14_3-error\" required ><label class=\"wpforms-field-label-inline\" for=\"wpforms-133-field_14_3\">Bateaux aquacoles<\/label><\/li><li class=\"choice-6 depth-1\"><input type=\"radio\" id=\"wpforms-133-field_14_6\" name=\"wpforms[fields][14]\" value=\"Aide pour d&#039;autres installations aquacoles\" aria-errormessage=\"wpforms-133-field_14_6-error\" required ><label class=\"wpforms-field-label-inline\" for=\"wpforms-133-field_14_6\">Aide pour d&#8217;autres installations aquacoles<\/label><\/li><\/ul><\/fieldset><\/div><div id=\"wpforms-133-field_16-container\" class=\"wpforms-field wpforms-field-textarea\" data-field-id=\"16\"><label class=\"wpforms-field-label\" for=\"wpforms-133-field_16\">Caract\u00e9ristiques de la concession (type de culture)<\/label><textarea id=\"wpforms-133-field_16\" class=\"wpforms-field-medium\" name=\"wpforms[fields][16]\" aria-errormessage=\"wpforms-133-field_16-error\" ><\/textarea><\/div><div id=\"wpforms-133-field_17-container\" class=\"wpforms-field wpforms-field-textarea\" data-field-id=\"17\"><label class=\"wpforms-field-label\" for=\"wpforms-133-field_17\">Dimensions de la concession (largeur et longueur)<\/label><textarea id=\"wpforms-133-field_17\" class=\"wpforms-field-medium\" name=\"wpforms[fields][17]\" aria-errormessage=\"wpforms-133-field_17-error\" ><\/textarea><\/div><div id=\"wpforms-133-field_18-container\" class=\"wpforms-field wpforms-field-textarea\" data-field-id=\"18\"><label class=\"wpforms-field-label\" for=\"wpforms-133-field_18\">Profondeur dans la zone de la concession<\/label><textarea id=\"wpforms-133-field_18\" class=\"wpforms-field-medium\" name=\"wpforms[fields][18]\" aria-errormessage=\"wpforms-133-field_18-error\" ><\/textarea><\/div><div id=\"wpforms-133-field_19-container\" class=\"wpforms-field wpforms-field-textarea\" data-field-id=\"19\"><label class=\"wpforms-field-label\" for=\"wpforms-133-field_19\">Coordonn\u00e9es des sommets de la concession<\/label><textarea id=\"wpforms-133-field_19\" class=\"wpforms-field-medium\" name=\"wpforms[fields][19]\" aria-errormessage=\"wpforms-133-field_19-error\" ><\/textarea><\/div><div id=\"wpforms-133-field_20-container\" class=\"wpforms-field wpforms-field-textarea\" data-field-id=\"20\"><label class=\"wpforms-field-label\" for=\"wpforms-133-field_20\">Pour de base les plus proche de la concession<\/label><textarea id=\"wpforms-133-field_20\" class=\"wpforms-field-medium\" name=\"wpforms[fields][20]\" aria-errormessage=\"wpforms-133-field_20-error\" ><\/textarea><\/div><div id=\"wpforms-133-field_3-container\" class=\"wpforms-field wpforms-field-textarea\" data-field-id=\"3\"><label class=\"wpforms-field-label\" for=\"wpforms-133-field_3\">Commentaire ou message<\/label><textarea id=\"wpforms-133-field_3\" class=\"wpforms-field-medium\" name=\"wpforms[fields][3]\" aria-errormessage=\"wpforms-133-field_3-error\" ><\/textarea><\/div><\/div><!-- .wpforms-field-container --><div class=\"wpforms-submit-container\" ><input type=\"hidden\" name=\"wpforms[id]\" value=\"133\"><input type=\"hidden\" name=\"page_title\" value=\"\"><input type=\"hidden\" name=\"page_url\" value=\"https:\/\/barlomar.ma\/index.php?rest_route=\/wp\/v2\/pages\/137\"><button type=\"submit\" name=\"wpforms[submit]\" id=\"wpforms-submit-133\" class=\"wpforms-submit\" data-alt-text=\"Envoi en cours...\" data-submit-text=\"Soumettre\" aria-live=\"assertive\" value=\"wpforms-submit\">Soumettre<\/button><img loading=\"lazy\" decoding=\"async\" src=\"https:\/\/barlomar.ma\/wp-content\/plugins\/wpforms-lite\/assets\/images\/submit-spin.svg\" class=\"wpforms-submit-spinner\" style=\"display: none;\" width=\"26\" height=\"26\" alt=\"Cargando\"><\/div><\/form><\/div>  <!-- .wpforms-container --><\/div>\n<\/div>\n<\/div>\n\n\n\n<p class=\"has-text-align-left\" style=\"font-size:0.6rem\">En envoyant ce formulaire, vous acceptez que vos donn\u00e9es personnelles soient trait\u00e9es conform\u00e9ment \u00e0 notre Politique de Confidentialit\u00e9. Vos donn\u00e9es seront utilis\u00e9es exclusivement pour g\u00e9rer votre demande et ne seront pas partag\u00e9es avec des tiers sans votre consentement. Pour plus de d\u00e9tails sur le traitement de vos donn\u00e9es et vos droits, veuillez consulter notre politique de confidentialit\u00e9.<\/p>\n","protected":false},"excerpt":{"rendered":"<p>Formulaire de contact Si vous souhaitez nous contacter, veuillez remplir le formulaire ci-dessous et nous vous r\u00e9pondrons dans les plus brefs d\u00e9lais. En envoyant ce formulaire, vous acceptez que vos donn\u00e9es personnelles soient trait\u00e9es conform\u00e9ment \u00e0 notre Politique de Confidentialit\u00e9. Vos donn\u00e9es seront utilis\u00e9es exclusivement pour g\u00e9rer votre demande et ne seront pas partag\u00e9es avec [&hellip;]<\/p>\n","protected":false},"author":1,"featured_media":0,"parent":0,"menu_order":0,"comment_status":"closed","ping_status":"closed","template":"","meta":{"footnotes":""},"class_list":["post-137","page","type-page","status-publish","hentry"],"_links":{"self":[{"href":"https:\/\/barlomar.ma\/index.php?rest_route=\/wp\/v2\/pages\/137","targetHints":{"allow":["GET"]}}],"collection":[{"href":"https:\/\/barlomar.ma\/index.php?rest_route=\/wp\/v2\/pages"}],"about":[{"href":"https:\/\/barlomar.ma\/index.php?rest_route=\/wp\/v2\/types\/page"}],"author":[{"embeddable":true,"href":"https:\/\/barlomar.ma\/index.php?rest_route=\/wp\/v2\/users\/1"}],"replies":[{"embeddable":true,"href":"https:\/\/barlomar.ma\/index.php?rest_route=%2Fwp%2Fv2%2Fcomments&post=137"}],"version-history":[{"count":11,"href":"https:\/\/barlomar.ma\/index.php?rest_route=\/wp\/v2\/pages\/137\/revisions"}],"predecessor-version":[{"id":195,"href":"https:\/\/barlomar.ma\/index.php?rest_route=\/wp\/v2\/pages\/137\/revisions\/195"}],"wp:attachment":[{"href":"https:\/\/barlomar.ma\/index.php?rest_route=%2Fwp%2Fv2%2Fmedia&parent=137"}],"curies":[{"name":"wp","href":"https:\/\/api.w.org\/{rel}","templated":true}]}}