{"id":27,"date":"2025-01-19T17:09:10","date_gmt":"2025-01-19T17:09:10","guid":{"rendered":"https:\/\/barlomar.ma\/?page_id=27"},"modified":"2025-02-02T22:05:13","modified_gmt":"2025-02-02T22:05:13","slug":"__trashed-2","status":"publish","type":"page","link":"https:\/\/barlomar.ma\/?page_id=27","title":{"rendered":"Installations"},"content":{"rendered":"\n<div class=\"wp-block-group alignfull has-global-padding is-layout-constrained wp-container-core-group-is-layout-23b1a4dc wp-block-group-is-layout-constrained\" style=\"padding-top:var(--wp--preset--spacing--30);padding-right:var(--wp--preset--spacing--30);padding-bottom:var(--wp--preset--spacing--30);padding-left:var(--wp--preset--spacing--30)\">\n<div class=\"wp-block-group alignwide is-content-justification-space-between is-layout-flex wp-container-core-group-is-layout-b585a4aa wp-block-group-is-layout-flex\">\n<div class=\"wp-block-group is-layout-flex wp-container-core-group-is-layout-7a92790e wp-block-group-is-layout-flex\"><div class=\"wp-block-site-logo\"><a href=\"https:\/\/barlomar.ma\/\" class=\"custom-logo-link\" rel=\"home\"><img loading=\"lazy\" decoding=\"async\" width=\"200\" height=\"102\" src=\"https:\/\/barlomar.ma\/wp-content\/uploads\/2025\/01\/Barlomar_Sin-fondo-copia.png\" class=\"custom-logo\" alt=\"\" srcset=\"https:\/\/barlomar.ma\/wp-content\/uploads\/2025\/01\/Barlomar_Sin-fondo-copia.png 1417w, https:\/\/barlomar.ma\/wp-content\/uploads\/2025\/01\/Barlomar_Sin-fondo-copia-300x154.png 300w, https:\/\/barlomar.ma\/wp-content\/uploads\/2025\/01\/Barlomar_Sin-fondo-copia-1024x526.png 1024w, https:\/\/barlomar.ma\/wp-content\/uploads\/2025\/01\/Barlomar_Sin-fondo-copia-768x395.png 768w\" sizes=\"auto, (max-width: 200px) 100vw, 200px\" \/><\/a><\/div>\n\n<\/div>\n\n\n<nav class=\"is-responsive items-justified-right wp-block-navigation is-content-justification-right is-layout-flex wp-container-core-navigation-is-layout-f665d2b5 wp-block-navigation-is-layout-flex\" aria-label=\"Navegaci\u00f3n de Pie de p\u00e1gina 2\" \n\t\t data-wp-interactive=\"core\/navigation\" data-wp-context='{\"overlayOpenedBy\":{\"click\":false,\"hover\":false,\"focus\":false},\"type\":\"overlay\",\"roleAttribute\":\"\",\"ariaLabel\":\"Men\\u00fa\"}'><button aria-haspopup=\"dialog\" aria-label=\"Abrir el men\u00fa\" class=\"wp-block-navigation__responsive-container-open\" \n\t\t\t\tdata-wp-on--click=\"actions.openMenuOnClick\"\n\t\t\t\tdata-wp-on--keydown=\"actions.handleMenuKeydown\"\n\t\t\t><svg width=\"24\" height=\"24\" xmlns=\"http:\/\/www.w3.org\/2000\/svg\" viewBox=\"0 0 24 24\" aria-hidden=\"true\" focusable=\"false\"><path d=\"M4 7.5h16v1.5H4z\"><\/path><path d=\"M4 15h16v1.5H4z\"><\/path><\/svg><\/button>\n\t\t\t\t<div class=\"wp-block-navigation__responsive-container\"  id=\"modal-1\" \n\t\t\t\tdata-wp-class--has-modal-open=\"state.isMenuOpen\"\n\t\t\t\tdata-wp-class--is-menu-open=\"state.isMenuOpen\"\n\t\t\t\tdata-wp-watch=\"callbacks.initMenu\"\n\t\t\t\tdata-wp-on--keydown=\"actions.handleMenuKeydown\"\n\t\t\t\tdata-wp-on--focusout=\"actions.handleMenuFocusout\"\n\t\t\t\ttabindex=\"-1\"\n\t\t\t>\n\t\t\t\t\t<div class=\"wp-block-navigation__responsive-close\" tabindex=\"-1\">\n\t\t\t\t\t\t<div class=\"wp-block-navigation__responsive-dialog\" \n\t\t\t\tdata-wp-bind--aria-modal=\"state.ariaModal\"\n\t\t\t\tdata-wp-bind--aria-label=\"state.ariaLabel\"\n\t\t\t\tdata-wp-bind--role=\"state.roleAttribute\"\n\t\t\t>\n\t\t\t\t\t\t\t<button aria-label=\"Cerrar el men\u00fa\" class=\"wp-block-navigation__responsive-container-close\" \n\t\t\t\tdata-wp-on--click=\"actions.closeMenuOnClick\"\n\t\t\t><svg xmlns=\"http:\/\/www.w3.org\/2000\/svg\" viewBox=\"0 0 24 24\" width=\"24\" height=\"24\" aria-hidden=\"true\" focusable=\"false\"><path d=\"m13.06 12 6.47-6.47-1.06-1.06L12 10.94 5.53 4.47 4.47 5.53 10.94 12l-6.47 6.47 1.06 1.06L12 13.06l6.47 6.47 1.06-1.06L13.06 12Z\"><\/path><\/svg><\/button>\n\t\t\t\t\t\t\t<div class=\"wp-block-navigation__responsive-container-content\" \n\t\t\t\tdata-wp-watch=\"callbacks.focusFirstElement\"\n\t\t\t id=\"modal-1-content\">\n\t\t\t\t\t\t\t\t<ul class=\"wp-block-navigation__container is-responsive items-justified-right wp-block-navigation\"><li class=\" wp-block-navigation-item wp-block-navigation-link\"><a class=\"wp-block-navigation-item__content\"  href=\"https:\/\/barlomar.ma\/?page_id=70\"><span class=\"wp-block-navigation-item__label\"><strong>Aquaculture<\/strong><\/span><\/a><\/li><li class=\" wp-block-navigation-item wp-block-navigation-link\"><a class=\"wp-block-navigation-item__content\"  href=\"https:\/\/barlomar.ma\/?page_id=27\"><span class=\"wp-block-navigation-item__label\"><strong>Installations<\/strong><\/span><\/a><\/li><li class=\" wp-block-navigation-item wp-block-navigation-link\"><a class=\"wp-block-navigation-item__content\"  href=\"https:\/\/barlomar.ma\/?page_id=121\"><span class=\"wp-block-navigation-item__label\"><strong>Notre histoire<\/strong><\/span><\/a><\/li><li class=\" wp-block-navigation-item wp-block-navigation-link\"><a class=\"wp-block-navigation-item__content\"  href=\"https:\/\/barlomar.ma\/?page_id=137\"><span class=\"wp-block-navigation-item__label\"><strong>Contactez-nous<\/strong><\/span><\/a><\/li><\/ul>\n\t\t\t\t\t\t\t<\/div>\n\t\t\t\t\t\t<\/div>\n\t\t\t\t\t<\/div>\n\t\t\t\t<\/div><\/nav><\/div>\n<\/div>\n\n\n\n<div class=\"wp-block-group alignfull has-global-padding is-layout-constrained wp-container-core-group-is-layout-490fa1db wp-block-group-is-layout-constrained\" style=\"padding-top:var(--wp--preset--spacing--50);padding-right:var(--wp--preset--spacing--50);padding-bottom:var(--wp--preset--spacing--50);padding-left:var(--wp--preset--spacing--50)\">\n<div class=\"wp-block-group has-global-padding is-layout-constrained wp-container-core-group-is-layout-650790e1 wp-block-group-is-layout-constrained\">\n<h1 class=\"wp-block-heading has-text-align-center has-x-large-font-size\">Services d&#8217;Installation<\/h1>\n\n\n\n<div style=\"height:1.25rem\" aria-hidden=\"true\" class=\"wp-block-spacer\"><\/div>\n\n\n\n<p class=\"has-text-align-center\">Chez Barlomar, nous proposons des services d&#8217;installation sp\u00e9cialis\u00e9s adapt\u00e9s aux besoins des entreprises aquacoles. De la planification \u00e0 l&#8217;ex\u00e9cution, notre \u00e9quipe d&#8217;experts garantit le plus haut niveau de pr\u00e9cision et d&#8217;efficacit\u00e9 pour chaque projet.&nbsp;<\/p>\n<\/div>\n\n\n\n<div class=\"wp-block-buttons is-content-justification-center is-layout-flex wp-container-core-buttons-is-layout-a89b3969 wp-block-buttons-is-layout-flex\">\n<div class=\"wp-block-button\"><a class=\"wp-block-button__link wp-element-button\" href=\"https:\/\/barlomar.ma\/?page_id=137\">Contactez-nous<\/a><\/div>\n<\/div>\n\n\n\n<div style=\"height:var(--wp--preset--spacing--30)\" aria-hidden=\"true\" class=\"wp-block-spacer\"><\/div>\n\n\n\n<figure class=\"wp-block-image alignwide size-full has-custom-border is-style-rounded is-style-rounded--2\" style=\"margin-top:0;margin-right:0;margin-bottom:0;margin-left:0\"><img loading=\"lazy\" decoding=\"async\" width=\"1280\" height=\"720\" src=\"https:\/\/barlomar.ma\/wp-content\/uploads\/2025\/01\/PHOTO-2024-07-04-20-27-09-2.jpg\" alt=\"\" class=\"wp-image-17\" style=\"border-style:none;border-width:0px;border-radius:0px\" srcset=\"https:\/\/barlomar.ma\/wp-content\/uploads\/2025\/01\/PHOTO-2024-07-04-20-27-09-2.jpg 1280w, https:\/\/barlomar.ma\/wp-content\/uploads\/2025\/01\/PHOTO-2024-07-04-20-27-09-2-300x169.jpg 300w, https:\/\/barlomar.ma\/wp-content\/uploads\/2025\/01\/PHOTO-2024-07-04-20-27-09-2-1024x576.jpg 1024w, https:\/\/barlomar.ma\/wp-content\/uploads\/2025\/01\/PHOTO-2024-07-04-20-27-09-2-768x432.jpg 768w\" sizes=\"auto, (max-width: 1280px) 100vw, 1280px\" \/><\/figure>\n<\/div>\n\n\n\n<div class=\"wp-block-group alignfull has-base-2-background-color has-background has-global-padding is-layout-constrained wp-container-core-group-is-layout-669513ed wp-block-group-is-layout-constrained\" style=\"margin-top:0;margin-bottom:0;padding-top:var(--wp--preset--spacing--50);padding-right:var(--wp--preset--spacing--50);padding-bottom:var(--wp--preset--spacing--50);padding-left:var(--wp--preset--spacing--50)\">\n<div class=\"wp-block-group is-vertical is-content-justification-center is-layout-flex wp-container-core-group-is-layout-52b864f0 wp-block-group-is-layout-flex\">\n<h2 class=\"wp-block-heading has-text-align-center is-style-asterisk\">Expertise dans Divers Syst\u00e8mes Aquacoles<\/h2>\n\n\n\n<div style=\"height:0px\" aria-hidden=\"true\" class=\"wp-block-spacer wp-container-content-4f2ccadb\"><\/div>\n\n\n\n<p class=\"has-text-align-center\"><\/p>\n<\/div>\n\n\n\n<div style=\"margin-top:0;margin-bottom:0;height:var(--wp--preset--spacing--40)\" aria-hidden=\"true\" class=\"wp-block-spacer\"><\/div>\n\n\n\n<div class=\"wp-block-columns alignwide is-layout-flex wp-container-core-columns-is-layout-d0bbbce0 wp-block-columns-is-layout-flex\">\n<div class=\"wp-block-column is-layout-flow wp-container-core-column-is-layout-e3d1c41b wp-block-column-is-layout-flow\">\n<h3 class=\"wp-block-heading has-text-align-left is-style-asterisk has-body-font-family has-medium-font-size\" style=\"font-style:normal;font-weight:600\"><strong>Solutions Compl\u00e8tes<\/strong><\/h3>\n\n\n\n<p class=\"has-text-align-left\">Nous g\u00e9rons l&#8217;ensemble du processus d&#8217;installation, y compris l&#8217;approvisionnement du balisage, corps-morts, syst\u00e8me de fili\u00e8re et l&#8217;ensemencement de naissains.<\/p>\n<\/div>\n\n\n\n<div class=\"wp-block-column is-layout-flow wp-container-core-column-is-layout-e3d1c41b wp-block-column-is-layout-flow\">\n<h3 class=\"wp-block-heading has-text-align-left is-style-asterisk has-body-font-family has-medium-font-size\" style=\"font-style:normal;font-weight:600\"><strong>Conception Sur Mesure<\/strong><\/h3>\n\n\n\n<p class=\"has-text-align-left\">Nos installations sont con\u00e7ues pour maximiser la productivit\u00e9 tout en s&#8217;adaptant aux conditions sp\u00e9cifiques de votre ferme de moule et \u00e9galement ferme de pisciculture.<\/p>\n<\/div>\n\n\n\n<div class=\"wp-block-column is-layout-flow wp-container-core-column-is-layout-e3d1c41b wp-block-column-is-layout-flow\">\n<h3 class=\"wp-block-heading has-text-align-left is-style-asterisk has-body-font-family has-medium-font-size\" style=\"font-style:normal;font-weight:600\"><strong>Mat\u00e9riaux Durables<\/strong><\/h3>\n\n\n\n<p class=\"has-text-align-left\">Nous utilisons des mat\u00e9riaux de haute qualit\u00e9 pour assurer la dur\u00e9e de vie et la fiabilit\u00e9 de votre long-line et cage de poisons.<\/p>\n<\/div>\n<\/div>\n\n\n\n<div style=\"height:var(--wp--preset--spacing--20)\" aria-hidden=\"true\" class=\"wp-block-spacer\"><\/div>\n\n\n\n<div class=\"wp-block-columns alignwide is-layout-flex wp-container-core-columns-is-layout-d0bbbce0 wp-block-columns-is-layout-flex\">\n<div class=\"wp-block-column is-layout-flow wp-container-core-column-is-layout-e3d1c41b wp-block-column-is-layout-flow\">\n<h3 class=\"wp-block-heading has-text-align-left is-style-asterisk has-body-font-family has-medium-font-size\" style=\"font-style:normal;font-weight:600\"><strong>Cages <\/strong>de pisciculture<\/h3>\n\n\n\n<p class=\"has-text-align-left\">Nous concevons et installons des cages \u00e0 poissons robustes conformes aux normes internationales.<\/p>\n<\/div>\n\n\n\n<div class=\"wp-block-column is-layout-flow wp-container-core-column-is-layout-e3d1c41b wp-block-column-is-layout-flow\">\n<h3 class=\"wp-block-heading has-text-align-left is-style-asterisk has-body-font-family has-medium-font-size\" style=\"font-style:normal;font-weight:600\"><strong>Bou\u00e9es de Signalisation et Corps-Morts<\/strong><\/h3>\n\n\n\n<p class=\"has-text-align-left\">Des corps-morts en b\u00e9ton aux balises de navigation, nous g\u00e9rons toutes les installations auxiliaires avec pr\u00e9cision.<\/p>\n<\/div>\n\n\n\n<div class=\"wp-block-column is-layout-flow wp-container-core-column-is-layout-e3d1c41b wp-block-column-is-layout-flow\">\n<h3 class=\"wp-block-heading has-text-align-left is-style-asterisk has-body-font-family has-medium-font-size\" style=\"font-style:normal;font-weight:600\"><strong>Solutions Adaptables<\/strong><\/h3>\n\n\n\n<p class=\"has-text-align-left\">Notre \u00e9quipe travaille avec vous pour personnaliser des syst\u00e8mes align\u00e9s avec vos objectifs op\u00e9rationnels.<\/p>\n<\/div>\n<\/div>\n<\/div>\n","protected":false},"excerpt":{"rendered":"<p>Services d&#8217;Installation Chez Barlomar, nous proposons des services d&#8217;installation sp\u00e9cialis\u00e9s adapt\u00e9s aux besoins des entreprises aquacoles. De la planification \u00e0 l&#8217;ex\u00e9cution, notre \u00e9quipe d&#8217;experts garantit le plus haut niveau de pr\u00e9cision et d&#8217;efficacit\u00e9 pour chaque projet.&nbsp; Expertise dans Divers Syst\u00e8mes Aquacoles Solutions Compl\u00e8tes Nous g\u00e9rons l&#8217;ensemble du processus d&#8217;installation, y compris l&#8217;approvisionnement du balisage, corps-morts, [&hellip;]<\/p>\n","protected":false},"author":1,"featured_media":0,"parent":0,"menu_order":0,"comment_status":"closed","ping_status":"closed","template":"","meta":{"footnotes":""},"class_list":["post-27","page","type-page","status-publish","hentry"],"_links":{"self":[{"href":"https:\/\/barlomar.ma\/index.php?rest_route=\/wp\/v2\/pages\/27","targetHints":{"allow":["GET"]}}],"collection":[{"href":"https:\/\/barlomar.ma\/index.php?rest_route=\/wp\/v2\/pages"}],"about":[{"href":"https:\/\/barlomar.ma\/index.php?rest_route=\/wp\/v2\/types\/page"}],"author":[{"embeddable":true,"href":"https:\/\/barlomar.ma\/index.php?rest_route=\/wp\/v2\/users\/1"}],"replies":[{"embeddable":true,"href":"https:\/\/barlomar.ma\/index.php?rest_route=%2Fwp%2Fv2%2Fcomments&post=27"}],"version-history":[{"count":9,"href":"https:\/\/barlomar.ma\/index.php?rest_route=\/wp\/v2\/pages\/27\/revisions"}],"predecessor-version":[{"id":189,"href":"https:\/\/barlomar.ma\/index.php?rest_route=\/wp\/v2\/pages\/27\/revisions\/189"}],"wp:attachment":[{"href":"https:\/\/barlomar.ma\/index.php?rest_route=%2Fwp%2Fv2%2Fmedia&parent=27"}],"curies":[{"name":"wp","href":"https:\/\/api.w.org\/{rel}","templated":true}]}}