{"id":61,"date":"2025-01-22T20:55:30","date_gmt":"2025-01-22T20:55:30","guid":{"rendered":"https:\/\/barlomar.ma\/?page_id=61"},"modified":"2025-02-16T22:42:06","modified_gmt":"2025-02-16T22:42:06","slug":"home","status":"publish","type":"page","link":"https:\/\/barlomar.ma\/","title":{"rendered":"Home"},"content":{"rendered":"\n<div class=\"wp-block-group alignfull has-global-padding is-layout-constrained wp-block-group-is-layout-constrained\">\n<div class=\"wp-block-cover alignfull\" style=\"padding-top:var(--wp--preset--spacing--30);padding-right:var(--wp--preset--spacing--30);padding-bottom:var(--wp--preset--spacing--30);padding-left:var(--wp--preset--spacing--30);min-height:50px;aspect-ratio:unset;\"><span aria-hidden=\"true\" class=\"wp-block-cover__background has-black-background-color has-background-dim\"><\/span><img loading=\"lazy\" decoding=\"async\" width=\"2560\" height=\"1123\" class=\"wp-block-cover__image-background wp-image-111\" alt=\"\" src=\"https:\/\/barlomar.ma\/wp-content\/uploads\/2025\/01\/IMG_0688-2-scaled.jpg\" data-object-fit=\"cover\" srcset=\"https:\/\/barlomar.ma\/wp-content\/uploads\/2025\/01\/IMG_0688-2-scaled.jpg 2560w, https:\/\/barlomar.ma\/wp-content\/uploads\/2025\/01\/IMG_0688-2-300x132.jpg 300w, https:\/\/barlomar.ma\/wp-content\/uploads\/2025\/01\/IMG_0688-2-1024x449.jpg 1024w, https:\/\/barlomar.ma\/wp-content\/uploads\/2025\/01\/IMG_0688-2-768x337.jpg 768w, https:\/\/barlomar.ma\/wp-content\/uploads\/2025\/01\/IMG_0688-2-1536x674.jpg 1536w, https:\/\/barlomar.ma\/wp-content\/uploads\/2025\/01\/IMG_0688-2-2048x898.jpg 2048w\" sizes=\"auto, (max-width: 2560px) 100vw, 2560px\" \/><div class=\"wp-block-cover__inner-container is-layout-flow wp-block-cover-is-layout-flow\">\n<div class=\"wp-block-group alignwide has-base-color has-text-color has-link-color wp-elements-07eb9f46de62878609c6dd3268a204da is-content-justification-space-between is-layout-flex wp-container-core-group-is-layout-10d17ff1 wp-block-group-is-layout-flex\" style=\"margin-top:0;margin-bottom:0\">\n<div class=\"wp-block-group is-layout-flex wp-block-group-is-layout-flex\"><div class=\"is-style-default wp-block-site-logo\"><a href=\"https:\/\/barlomar.ma\/\" class=\"custom-logo-link\" rel=\"home\"><img loading=\"lazy\" decoding=\"async\" width=\"200\" height=\"102\" src=\"https:\/\/barlomar.ma\/wp-content\/uploads\/2025\/01\/Barlomar_Sin-fondo-copia.png\" class=\"custom-logo\" alt=\"\" srcset=\"https:\/\/barlomar.ma\/wp-content\/uploads\/2025\/01\/Barlomar_Sin-fondo-copia.png 1417w, https:\/\/barlomar.ma\/wp-content\/uploads\/2025\/01\/Barlomar_Sin-fondo-copia-300x154.png 300w, https:\/\/barlomar.ma\/wp-content\/uploads\/2025\/01\/Barlomar_Sin-fondo-copia-1024x526.png 1024w, https:\/\/barlomar.ma\/wp-content\/uploads\/2025\/01\/Barlomar_Sin-fondo-copia-768x395.png 768w\" sizes=\"auto, (max-width: 200px) 100vw, 200px\" \/><\/a><\/div>\n\n<\/div>\n\n\n<nav class=\"has-text-color has-white-color is-responsive items-justified-right wp-block-navigation is-content-justification-right is-layout-flex wp-container-core-navigation-is-layout-f665d2b5 wp-block-navigation-is-layout-flex\" aria-label=\"Navegaci\u00f3n de Pie de p\u00e1gina 2\" \n\t\t data-wp-interactive=\"core\/navigation\" data-wp-context='{\"overlayOpenedBy\":{\"click\":false,\"hover\":false,\"focus\":false},\"type\":\"overlay\",\"roleAttribute\":\"\",\"ariaLabel\":\"Men\\u00fa\"}'><button aria-haspopup=\"dialog\" aria-label=\"Abrir el men\u00fa\" class=\"wp-block-navigation__responsive-container-open\" \n\t\t\t\tdata-wp-on--click=\"actions.openMenuOnClick\"\n\t\t\t\tdata-wp-on--keydown=\"actions.handleMenuKeydown\"\n\t\t\t><svg width=\"24\" height=\"24\" xmlns=\"http:\/\/www.w3.org\/2000\/svg\" viewBox=\"0 0 24 24\" aria-hidden=\"true\" focusable=\"false\"><path d=\"M4 7.5h16v1.5H4z\"><\/path><path d=\"M4 15h16v1.5H4z\"><\/path><\/svg><\/button>\n\t\t\t\t<div class=\"wp-block-navigation__responsive-container\"  id=\"modal-1\" \n\t\t\t\tdata-wp-class--has-modal-open=\"state.isMenuOpen\"\n\t\t\t\tdata-wp-class--is-menu-open=\"state.isMenuOpen\"\n\t\t\t\tdata-wp-watch=\"callbacks.initMenu\"\n\t\t\t\tdata-wp-on--keydown=\"actions.handleMenuKeydown\"\n\t\t\t\tdata-wp-on--focusout=\"actions.handleMenuFocusout\"\n\t\t\t\ttabindex=\"-1\"\n\t\t\t>\n\t\t\t\t\t<div class=\"wp-block-navigation__responsive-close\" tabindex=\"-1\">\n\t\t\t\t\t\t<div class=\"wp-block-navigation__responsive-dialog\" \n\t\t\t\tdata-wp-bind--aria-modal=\"state.ariaModal\"\n\t\t\t\tdata-wp-bind--aria-label=\"state.ariaLabel\"\n\t\t\t\tdata-wp-bind--role=\"state.roleAttribute\"\n\t\t\t>\n\t\t\t\t\t\t\t<button aria-label=\"Cerrar el men\u00fa\" class=\"wp-block-navigation__responsive-container-close\" \n\t\t\t\tdata-wp-on--click=\"actions.closeMenuOnClick\"\n\t\t\t><svg xmlns=\"http:\/\/www.w3.org\/2000\/svg\" viewBox=\"0 0 24 24\" width=\"24\" height=\"24\" aria-hidden=\"true\" focusable=\"false\"><path d=\"m13.06 12 6.47-6.47-1.06-1.06L12 10.94 5.53 4.47 4.47 5.53 10.94 12l-6.47 6.47 1.06 1.06L12 13.06l6.47 6.47 1.06-1.06L13.06 12Z\"><\/path><\/svg><\/button>\n\t\t\t\t\t\t\t<div class=\"wp-block-navigation__responsive-container-content\" \n\t\t\t\tdata-wp-watch=\"callbacks.focusFirstElement\"\n\t\t\t id=\"modal-1-content\">\n\t\t\t\t\t\t\t\t<ul class=\"wp-block-navigation__container has-text-color has-white-color is-responsive items-justified-right wp-block-navigation\"><li class=\" wp-block-navigation-item wp-block-navigation-link\"><a class=\"wp-block-navigation-item__content\"  href=\"https:\/\/barlomar.ma\/?page_id=70\"><span class=\"wp-block-navigation-item__label\"><strong>Aquaculture<\/strong><\/span><\/a><\/li><li class=\" wp-block-navigation-item wp-block-navigation-link\"><a class=\"wp-block-navigation-item__content\"  href=\"https:\/\/barlomar.ma\/?page_id=27\"><span class=\"wp-block-navigation-item__label\"><strong>Installations<\/strong><\/span><\/a><\/li><li class=\" wp-block-navigation-item wp-block-navigation-link\"><a class=\"wp-block-navigation-item__content\"  href=\"https:\/\/barlomar.ma\/?page_id=121\"><span class=\"wp-block-navigation-item__label\"><strong>Notre histoire<\/strong><\/span><\/a><\/li><li class=\" wp-block-navigation-item wp-block-navigation-link\"><a class=\"wp-block-navigation-item__content\"  href=\"https:\/\/barlomar.ma\/?page_id=137\"><span class=\"wp-block-navigation-item__label\"><strong>Contactez-nous<\/strong><\/span><\/a><\/li><\/ul>\n\t\t\t\t\t\t\t<\/div>\n\t\t\t\t\t\t<\/div>\n\t\t\t\t\t<\/div>\n\t\t\t\t<\/div><\/nav><\/div>\n\n\n\n<div style=\"margin-top:0;margin-bottom:0;height:173px\" aria-hidden=\"true\" class=\"wp-block-spacer\"><\/div>\n<\/div><\/div>\n<\/div>\n\n\n\n<div class=\"wp-block-group alignfull has-global-padding is-layout-constrained wp-container-core-group-is-layout-490fa1db wp-block-group-is-layout-constrained\" style=\"padding-top:var(--wp--preset--spacing--50);padding-right:var(--wp--preset--spacing--50);padding-bottom:var(--wp--preset--spacing--50);padding-left:var(--wp--preset--spacing--50)\">\n<div class=\"wp-block-group has-global-padding is-layout-constrained wp-container-core-group-is-layout-650790e1 wp-block-group-is-layout-constrained\">\n<h1 class=\"wp-block-heading has-text-align-center has-xx-large-font-size\">Innovation dans l&#8217;\u00c9levage de Moules au Sud du Maroc<\/h1>\n\n\n\n<div style=\"height:1.25rem\" aria-hidden=\"true\" class=\"wp-block-spacer\"><\/div>\n\n\n\n<p class=\"has-text-align-center has-medium-font-size\">Des solutions durables et une expertise de pointe pour l&#8217;installation, la culture et la r\u00e9colte de moules en toute qualit\u00e9.<\/p>\n\n\n\n<div style=\"height:46px\" aria-hidden=\"true\" class=\"wp-block-spacer\"><\/div>\n\n\n\n<figure class=\"wp-block-embed is-type-video is-provider-youtube wp-block-embed-youtube wp-embed-aspect-16-9 wp-has-aspect-ratio\" style=\"margin-top:0\"><div class=\"wp-block-embed__wrapper\">\n<iframe loading=\"lazy\" title=\"Souss Massa\" width=\"500\" height=\"281\" src=\"https:\/\/www.youtube.com\/embed\/Pjd7L4hGJ48?feature=oembed\" frameborder=\"0\" allow=\"accelerometer; autoplay; clipboard-write; encrypted-media; gyroscope; picture-in-picture; web-share\" referrerpolicy=\"strict-origin-when-cross-origin\" allowfullscreen><\/iframe>\n<\/div><\/figure>\n\n\n\n<div style=\"height:36px\" aria-hidden=\"true\" class=\"wp-block-spacer\"><\/div>\n\n\n\n<div class=\"wp-block-buttons is-content-justification-center is-layout-flex wp-container-core-buttons-is-layout-a89b3969 wp-block-buttons-is-layout-flex\">\n<div class=\"wp-block-button\"><a class=\"wp-block-button__link wp-element-button\" href=\"https:\/\/barlomar.ma\/?page_id=121\">Contactez-nous<\/a><\/div>\n<\/div>\n<\/div>\n<\/div>\n\n\n\n<div class=\"wp-block-group alignfull has-accent-5-background-color has-background has-global-padding is-layout-constrained wp-container-core-group-is-layout-d89aad35 wp-block-group-is-layout-constrained\" style=\"margin-top:0;margin-bottom:0;padding-top:var(--wp--preset--spacing--50);padding-right:var(--wp--preset--spacing--50);padding-bottom:var(--wp--preset--spacing--50);padding-left:var(--wp--preset--spacing--50)\">\n<div class=\"wp-block-columns alignwide is-layout-flex wp-container-core-columns-is-layout-1da03c2a wp-block-columns-is-layout-flex\">\n<div class=\"wp-block-column is-vertically-aligned-center is-layout-flow wp-block-column-is-layout-flow\" style=\"flex-basis:60%\">\n<figure class=\"wp-block-image size-full is-style-rounded is-style-rounded--2\"><img loading=\"lazy\" decoding=\"async\" width=\"2048\" height=\"1536\" src=\"https:\/\/barlomar.ma\/wp-content\/uploads\/2025\/01\/PHOTO-2024-04-14-18-35-30.jpg\" alt=\"\" class=\"wp-image-16\" style=\"aspect-ratio:4\/3;object-fit:cover\" srcset=\"https:\/\/barlomar.ma\/wp-content\/uploads\/2025\/01\/PHOTO-2024-04-14-18-35-30.jpg 2048w, https:\/\/barlomar.ma\/wp-content\/uploads\/2025\/01\/PHOTO-2024-04-14-18-35-30-300x225.jpg 300w, https:\/\/barlomar.ma\/wp-content\/uploads\/2025\/01\/PHOTO-2024-04-14-18-35-30-1024x768.jpg 1024w, https:\/\/barlomar.ma\/wp-content\/uploads\/2025\/01\/PHOTO-2024-04-14-18-35-30-768x576.jpg 768w, https:\/\/barlomar.ma\/wp-content\/uploads\/2025\/01\/PHOTO-2024-04-14-18-35-30-1536x1152.jpg 1536w\" sizes=\"auto, (max-width: 2048px) 100vw, 2048px\" \/><\/figure>\n<\/div>\n\n\n\n<div class=\"wp-block-column is-layout-flow wp-block-column-is-layout-flow\" style=\"flex-basis:40%\">\n<h2 class=\"wp-block-heading\">Aquaculture<\/h2>\n\n\n\n<p>Moules r\u00e9colt\u00e9es dans notre installation \u00e0 Agadir.<\/p>\n\n\n\n<p>Pr\u00eates \u00e0 \u00eatre vendues au client final.<\/p>\n\n\n\n<p>Disponibles sous forme fra\u00eeche ou transform\u00e9e.<\/p>\n\n\n\n<div class=\"wp-block-buttons is-layout-flex wp-block-buttons-is-layout-flex\">\n<div class=\"wp-block-button\"><a class=\"wp-block-button__link wp-element-button\" href=\"https:\/\/barlomar.ma\/?page_id=70\">Plus d&#8217;informations<\/a><\/div>\n<\/div>\n<\/div>\n<\/div>\n<\/div>\n\n\n\n<div class=\"wp-block-group alignfull has-accent-5-background-color has-background has-global-padding is-layout-constrained wp-container-core-group-is-layout-d89aad35 wp-block-group-is-layout-constrained\" style=\"margin-top:0;margin-bottom:0;padding-top:var(--wp--preset--spacing--50);padding-right:var(--wp--preset--spacing--50);padding-bottom:var(--wp--preset--spacing--50);padding-left:var(--wp--preset--spacing--50)\">\n<div class=\"wp-block-columns alignwide is-layout-flex wp-container-core-columns-is-layout-1da03c2a wp-block-columns-is-layout-flex\">\n<div class=\"wp-block-column is-layout-flow wp-block-column-is-layout-flow\" style=\"flex-basis:40%\">\n<h2 class=\"wp-block-heading\">Installations d&#8217;aquaculture<\/h2>\n\n\n\n<p>Sp\u00e9cialistes de l&#8217;installation et de l&#8217;entretien des fermes de moules.<\/p>\n\n\n\n<p>Processus d&#8217;installation complet des syst\u00e8mes \u00e0 long ligne.<\/p>\n\n\n\n<p>Installations aquacoles sur mesure pour des performances optimales.<\/p>\n\n\n\n<div class=\"wp-block-buttons is-layout-flex wp-block-buttons-is-layout-flex\">\n<div class=\"wp-block-button\"><a class=\"wp-block-button__link wp-element-button\" href=\"https:\/\/barlomar.ma\/?page_id=27\">Plus d&#8217;informations<\/a><\/div>\n<\/div>\n<\/div>\n\n\n\n<div class=\"wp-block-column is-vertically-aligned-center is-layout-flow wp-block-column-is-layout-flow\" style=\"flex-basis:60%\">\n<figure class=\"wp-block-image size-full is-style-rounded is-style-rounded--3\"><img loading=\"lazy\" decoding=\"async\" width=\"1280\" height=\"720\" src=\"https:\/\/barlomar.ma\/wp-content\/uploads\/2025\/01\/PHOTO-2024-07-04-20-27-09-2-1.jpg\" alt=\"\" class=\"wp-image-18\" style=\"aspect-ratio:4\/3;object-fit:cover\" srcset=\"https:\/\/barlomar.ma\/wp-content\/uploads\/2025\/01\/PHOTO-2024-07-04-20-27-09-2-1.jpg 1280w, https:\/\/barlomar.ma\/wp-content\/uploads\/2025\/01\/PHOTO-2024-07-04-20-27-09-2-1-300x169.jpg 300w, https:\/\/barlomar.ma\/wp-content\/uploads\/2025\/01\/PHOTO-2024-07-04-20-27-09-2-1-1024x576.jpg 1024w, https:\/\/barlomar.ma\/wp-content\/uploads\/2025\/01\/PHOTO-2024-07-04-20-27-09-2-1-768x432.jpg 768w\" sizes=\"auto, (max-width: 1280px) 100vw, 1280px\" \/><\/figure>\n<\/div>\n<\/div>\n<\/div>\n","protected":false},"excerpt":{"rendered":"<p>Innovation dans l&#8217;\u00c9levage de Moules au Sud du Maroc Des solutions durables et une expertise de pointe pour l&#8217;installation, la culture et la r\u00e9colte de moules en toute qualit\u00e9. Aquaculture Moules r\u00e9colt\u00e9es dans notre installation \u00e0 Agadir. Pr\u00eates \u00e0 \u00eatre vendues au client final. Disponibles sous forme fra\u00eeche ou transform\u00e9e. Installations d&#8217;aquaculture Sp\u00e9cialistes de l&#8217;installation [&hellip;]<\/p>\n","protected":false},"author":1,"featured_media":111,"parent":0,"menu_order":0,"comment_status":"closed","ping_status":"closed","template":"","meta":{"footnotes":""},"class_list":["post-61","page","type-page","status-publish","has-post-thumbnail","hentry"],"_links":{"self":[{"href":"https:\/\/barlomar.ma\/index.php?rest_route=\/wp\/v2\/pages\/61","targetHints":{"allow":["GET"]}}],"collection":[{"href":"https:\/\/barlomar.ma\/index.php?rest_route=\/wp\/v2\/pages"}],"about":[{"href":"https:\/\/barlomar.ma\/index.php?rest_route=\/wp\/v2\/types\/page"}],"author":[{"embeddable":true,"href":"https:\/\/barlomar.ma\/index.php?rest_route=\/wp\/v2\/users\/1"}],"replies":[{"embeddable":true,"href":"https:\/\/barlomar.ma\/index.php?rest_route=%2Fwp%2Fv2%2Fcomments&post=61"}],"version-history":[{"count":31,"href":"https:\/\/barlomar.ma\/index.php?rest_route=\/wp\/v2\/pages\/61\/revisions"}],"predecessor-version":[{"id":214,"href":"https:\/\/barlomar.ma\/index.php?rest_route=\/wp\/v2\/pages\/61\/revisions\/214"}],"wp:featuredmedia":[{"embeddable":true,"href":"https:\/\/barlomar.ma\/index.php?rest_route=\/wp\/v2\/media\/111"}],"wp:attachment":[{"href":"https:\/\/barlomar.ma\/index.php?rest_route=%2Fwp%2Fv2%2Fmedia&parent=61"}],"curies":[{"name":"wp","href":"https:\/\/api.w.org\/{rel}","templated":true}]}}