{"id":70,"date":"2025-01-25T17:33:45","date_gmt":"2025-01-25T17:33:45","guid":{"rendered":"https:\/\/barlomar.ma\/?page_id=70"},"modified":"2025-02-03T21:46:16","modified_gmt":"2025-02-03T21:46:16","slug":"aquaculture","status":"publish","type":"page","link":"https:\/\/barlomar.ma\/?page_id=70","title":{"rendered":"Aquaculture"},"content":{"rendered":"\n<div class=\"wp-block-group alignfull has-global-padding is-layout-constrained wp-container-core-group-is-layout-23b1a4dc wp-block-group-is-layout-constrained\" style=\"padding-top:var(--wp--preset--spacing--30);padding-right:var(--wp--preset--spacing--30);padding-bottom:var(--wp--preset--spacing--30);padding-left:var(--wp--preset--spacing--30)\">\n<div class=\"wp-block-group alignwide is-content-justification-space-between is-layout-flex wp-container-core-group-is-layout-b585a4aa wp-block-group-is-layout-flex\">\n<div class=\"wp-block-group is-layout-flex wp-container-core-group-is-layout-7a92790e wp-block-group-is-layout-flex\"><div class=\"wp-block-site-logo\"><a href=\"https:\/\/barlomar.ma\/\" class=\"custom-logo-link\" rel=\"home\"><img loading=\"lazy\" decoding=\"async\" width=\"200\" height=\"102\" src=\"https:\/\/barlomar.ma\/wp-content\/uploads\/2025\/01\/Barlomar_Sin-fondo-copia.png\" class=\"custom-logo\" alt=\"\" srcset=\"https:\/\/barlomar.ma\/wp-content\/uploads\/2025\/01\/Barlomar_Sin-fondo-copia.png 1417w, https:\/\/barlomar.ma\/wp-content\/uploads\/2025\/01\/Barlomar_Sin-fondo-copia-300x154.png 300w, https:\/\/barlomar.ma\/wp-content\/uploads\/2025\/01\/Barlomar_Sin-fondo-copia-1024x526.png 1024w, https:\/\/barlomar.ma\/wp-content\/uploads\/2025\/01\/Barlomar_Sin-fondo-copia-768x395.png 768w\" sizes=\"auto, (max-width: 200px) 100vw, 200px\" \/><\/a><\/div>\n\n<\/div>\n\n\n<nav class=\"is-responsive items-justified-right wp-block-navigation is-content-justification-right is-layout-flex wp-container-core-navigation-is-layout-f665d2b5 wp-block-navigation-is-layout-flex\" aria-label=\"Navegaci\u00f3n de Pie de p\u00e1gina 2\" \n\t\t data-wp-interactive=\"core\/navigation\" data-wp-context='{\"overlayOpenedBy\":{\"click\":false,\"hover\":false,\"focus\":false},\"type\":\"overlay\",\"roleAttribute\":\"\",\"ariaLabel\":\"Men\\u00fa\"}'><button aria-haspopup=\"dialog\" aria-label=\"Abrir el men\u00fa\" class=\"wp-block-navigation__responsive-container-open\" \n\t\t\t\tdata-wp-on--click=\"actions.openMenuOnClick\"\n\t\t\t\tdata-wp-on--keydown=\"actions.handleMenuKeydown\"\n\t\t\t><svg width=\"24\" height=\"24\" xmlns=\"http:\/\/www.w3.org\/2000\/svg\" viewBox=\"0 0 24 24\" aria-hidden=\"true\" focusable=\"false\"><path d=\"M4 7.5h16v1.5H4z\"><\/path><path d=\"M4 15h16v1.5H4z\"><\/path><\/svg><\/button>\n\t\t\t\t<div class=\"wp-block-navigation__responsive-container\"  id=\"modal-1\" \n\t\t\t\tdata-wp-class--has-modal-open=\"state.isMenuOpen\"\n\t\t\t\tdata-wp-class--is-menu-open=\"state.isMenuOpen\"\n\t\t\t\tdata-wp-watch=\"callbacks.initMenu\"\n\t\t\t\tdata-wp-on--keydown=\"actions.handleMenuKeydown\"\n\t\t\t\tdata-wp-on--focusout=\"actions.handleMenuFocusout\"\n\t\t\t\ttabindex=\"-1\"\n\t\t\t>\n\t\t\t\t\t<div class=\"wp-block-navigation__responsive-close\" tabindex=\"-1\">\n\t\t\t\t\t\t<div class=\"wp-block-navigation__responsive-dialog\" \n\t\t\t\tdata-wp-bind--aria-modal=\"state.ariaModal\"\n\t\t\t\tdata-wp-bind--aria-label=\"state.ariaLabel\"\n\t\t\t\tdata-wp-bind--role=\"state.roleAttribute\"\n\t\t\t>\n\t\t\t\t\t\t\t<button aria-label=\"Cerrar el men\u00fa\" class=\"wp-block-navigation__responsive-container-close\" \n\t\t\t\tdata-wp-on--click=\"actions.closeMenuOnClick\"\n\t\t\t><svg xmlns=\"http:\/\/www.w3.org\/2000\/svg\" viewBox=\"0 0 24 24\" width=\"24\" height=\"24\" aria-hidden=\"true\" focusable=\"false\"><path d=\"m13.06 12 6.47-6.47-1.06-1.06L12 10.94 5.53 4.47 4.47 5.53 10.94 12l-6.47 6.47 1.06 1.06L12 13.06l6.47 6.47 1.06-1.06L13.06 12Z\"><\/path><\/svg><\/button>\n\t\t\t\t\t\t\t<div class=\"wp-block-navigation__responsive-container-content\" \n\t\t\t\tdata-wp-watch=\"callbacks.focusFirstElement\"\n\t\t\t id=\"modal-1-content\">\n\t\t\t\t\t\t\t\t<ul class=\"wp-block-navigation__container is-responsive items-justified-right wp-block-navigation\"><li class=\" wp-block-navigation-item wp-block-navigation-link\"><a class=\"wp-block-navigation-item__content\"  href=\"https:\/\/barlomar.ma\/?page_id=70\"><span class=\"wp-block-navigation-item__label\"><strong>Aquaculture<\/strong><\/span><\/a><\/li><li class=\" wp-block-navigation-item wp-block-navigation-link\"><a class=\"wp-block-navigation-item__content\"  href=\"https:\/\/barlomar.ma\/?page_id=27\"><span class=\"wp-block-navigation-item__label\"><strong>Installations<\/strong><\/span><\/a><\/li><li class=\" wp-block-navigation-item wp-block-navigation-link\"><a class=\"wp-block-navigation-item__content\"  href=\"https:\/\/barlomar.ma\/?page_id=121\"><span class=\"wp-block-navigation-item__label\"><strong>Notre histoire<\/strong><\/span><\/a><\/li><li class=\" wp-block-navigation-item wp-block-navigation-link\"><a class=\"wp-block-navigation-item__content\"  href=\"https:\/\/barlomar.ma\/?page_id=137\"><span class=\"wp-block-navigation-item__label\"><strong>Contactez-nous<\/strong><\/span><\/a><\/li><\/ul>\n\t\t\t\t\t\t\t<\/div>\n\t\t\t\t\t\t<\/div>\n\t\t\t\t\t<\/div>\n\t\t\t\t<\/div><\/nav><\/div>\n<\/div>\n\n\n\n<div class=\"wp-block-group alignfull has-global-padding is-layout-constrained wp-container-core-group-is-layout-490fa1db wp-block-group-is-layout-constrained\" style=\"padding-top:var(--wp--preset--spacing--50);padding-right:var(--wp--preset--spacing--50);padding-bottom:var(--wp--preset--spacing--50);padding-left:var(--wp--preset--spacing--50)\">\n<div class=\"wp-block-group has-global-padding is-layout-constrained wp-container-core-group-is-layout-650790e1 wp-block-group-is-layout-constrained\">\n<h1 class=\"wp-block-heading has-text-align-center has-x-large-font-size\">Aquaculture<\/h1>\n\n\n\n<div style=\"height:1.25rem\" aria-hidden=\"true\" class=\"wp-block-spacer\"><\/div>\n\n\n\n<p class=\"has-text-align-center\">Chez Barlomar, nous sommes des pionniers de l&#8217;industrie de l&#8217;aquaculture, sp\u00e9cialis\u00e9s dans la culture et la r\u00e9colte de moules de haute qualit\u00e9 dans les eaux pures du sud du Maroc.<\/p>\n<\/div>\n\n\n\n<div class=\"wp-block-buttons is-content-justification-center is-layout-flex wp-container-core-buttons-is-layout-a89b3969 wp-block-buttons-is-layout-flex\">\n<div class=\"wp-block-button\"><a class=\"wp-block-button__link wp-element-button\" href=\"https:\/\/barlomar.ma\/?page_id=137\">Contactez-nous<\/a><\/div>\n<\/div>\n\n\n\n<div style=\"height:var(--wp--preset--spacing--30)\" aria-hidden=\"true\" class=\"wp-block-spacer\"><\/div>\n\n\n\n<figure class=\"wp-block-image alignwide size-full is-style-rounded is-style-rounded--2\"><img loading=\"lazy\" decoding=\"async\" width=\"2048\" height=\"1152\" src=\"https:\/\/barlomar.ma\/wp-content\/uploads\/2025\/01\/PHOTO-2024-12-13-10-34-01.jpg\" alt=\"\" class=\"wp-image-125\" srcset=\"https:\/\/barlomar.ma\/wp-content\/uploads\/2025\/01\/PHOTO-2024-12-13-10-34-01.jpg 2048w, https:\/\/barlomar.ma\/wp-content\/uploads\/2025\/01\/PHOTO-2024-12-13-10-34-01-300x169.jpg 300w, https:\/\/barlomar.ma\/wp-content\/uploads\/2025\/01\/PHOTO-2024-12-13-10-34-01-1024x576.jpg 1024w, https:\/\/barlomar.ma\/wp-content\/uploads\/2025\/01\/PHOTO-2024-12-13-10-34-01-768x432.jpg 768w, https:\/\/barlomar.ma\/wp-content\/uploads\/2025\/01\/PHOTO-2024-12-13-10-34-01-1536x864.jpg 1536w\" sizes=\"auto, (max-width: 2048px) 100vw, 2048px\" \/><\/figure>\n<\/div>\n\n\n\n<div class=\"wp-block-group alignfull has-base-2-background-color has-background has-global-padding is-layout-constrained wp-container-core-group-is-layout-669513ed wp-block-group-is-layout-constrained\" style=\"margin-top:0;margin-bottom:0;padding-top:var(--wp--preset--spacing--50);padding-right:var(--wp--preset--spacing--50);padding-bottom:var(--wp--preset--spacing--50);padding-left:var(--wp--preset--spacing--50)\">\n<div class=\"wp-block-group is-vertical is-content-justification-center is-layout-flex wp-container-core-group-is-layout-52b864f0 wp-block-group-is-layout-flex\">\n<h2 class=\"wp-block-heading has-text-align-center is-style-asterisk\">Culture de Moules Premium<\/h2>\n\n\n\n<div style=\"height:0px\" aria-hidden=\"true\" class=\"wp-block-spacer wp-container-content-4f2ccadb\"><\/div>\n\n\n\n<p class=\"has-text-align-center\"><\/p>\n<\/div>\n\n\n\n<div style=\"margin-top:0;margin-bottom:0;height:var(--wp--preset--spacing--40)\" aria-hidden=\"true\" class=\"wp-block-spacer\"><\/div>\n\n\n\n<div class=\"wp-block-columns alignwide is-layout-flex wp-container-core-columns-is-layout-d0bbbce0 wp-block-columns-is-layout-flex\">\n<div class=\"wp-block-column is-layout-flow wp-container-core-column-is-layout-e3d1c41b wp-block-column-is-layout-flow\">\n<h3 class=\"wp-block-heading has-text-align-left is-style-asterisk has-body-font-family has-medium-font-size\" style=\"font-style:normal;font-weight:600\"><strong>Emplacement Id\u00e9al<\/strong><\/h3>\n\n\n\n<p class=\"has-text-align-left\">Nos installations sont strat\u00e9giquement situ\u00e9es \u00e0 Imiouaddar, Agadir, o\u00f9 les eaux riches en nutriments offrent un environnement id\u00e9al pour la croissance des moules.<\/p>\n<\/div>\n\n\n\n<div class=\"wp-block-column is-layout-flow wp-container-core-column-is-layout-e3d1c41b wp-block-column-is-layout-flow\">\n<h3 class=\"wp-block-heading has-text-align-left is-style-asterisk has-body-font-family has-medium-font-size\" style=\"font-style:normal;font-weight:600\"><strong>Normes de Qualit\u00e9 Strictes<\/strong><\/h3>\n\n\n\n<p class=\"has-text-align-left\">De la plantation des naissains \u00e0 la r\u00e9colte, nos moules sont cultiv\u00e9es selon des protocoles rigoureux, garantissant qu&#8217;elles respectent les normes les plus \u00e9lev\u00e9es de l&#8217;industrie.<\/p>\n<\/div>\n\n\n\n<div class=\"wp-block-column is-layout-flow wp-container-core-column-is-layout-e3d1c41b wp-block-column-is-layout-flow\">\n<h3 class=\"wp-block-heading has-text-align-left is-style-asterisk has-body-font-family has-medium-font-size\" style=\"font-style:normal;font-weight:600\"><strong>Options Fra\u00eeches ou Transform\u00e9es<\/strong><\/h3>\n\n\n\n<p class=\"has-text-align-left\">Que vous pr\u00e9f\u00e9riez des moules fra\u00eeches ou que vous ayez besoin de produits transform\u00e9s pour vos op\u00e9rations, nous r\u00e9pondons \u00e0 vos besoins sp\u00e9cifiques.<\/p>\n<\/div>\n<\/div>\n\n\n\n<div style=\"height:var(--wp--preset--spacing--20)\" aria-hidden=\"true\" class=\"wp-block-spacer\"><\/div>\n\n\n\n<div class=\"wp-block-columns alignwide is-layout-flex wp-container-core-columns-is-layout-d0bbbce0 wp-block-columns-is-layout-flex\">\n<div class=\"wp-block-column is-layout-flow wp-container-core-column-is-layout-e3d1c41b wp-block-column-is-layout-flow\">\n<h3 class=\"wp-block-heading has-text-align-left is-style-asterisk has-body-font-family has-medium-font-size\" style=\"font-style:normal;font-weight:600\"><strong>Gestion Environnementale<\/strong><\/h3>\n\n\n\n<p class=\"has-text-align-left\">La durabilit\u00e9 est au c\u0153ur de toutes nos activit\u00e9s. Nos m\u00e9thodes d&#8217;\u00e9levage sont con\u00e7ues pour minimiser l&#8217;impact environnemental tout en maximisant la productivit\u00e9.<\/p>\n<\/div>\n\n\n\n<div class=\"wp-block-column is-layout-flow wp-container-core-column-is-layout-e3d1c41b wp-block-column-is-layout-flow\">\n<h3 class=\"wp-block-heading has-text-align-left is-style-asterisk has-body-font-family has-medium-font-size\" style=\"font-style:normal;font-weight:600\"><strong>\u00c9quipe Exp\u00e9riment\u00e9e<\/strong><\/h3>\n\n\n\n<p class=\"has-text-align-left\">Notre \u00e9quipe d&#8217;experts apporte des ann\u00e9es d&#8217;exp\u00e9rience et les meilleures pratiques \u00e0 chaque \u00e9tape du processus, garantissant des r\u00e9sultats de premi\u00e8re qualit\u00e9.<\/p>\n<\/div>\n\n\n\n<div class=\"wp-block-column is-layout-flow wp-container-core-column-is-layout-e3d1c41b wp-block-column-is-layout-flow\">\n<h3 class=\"wp-block-heading has-text-align-left is-style-asterisk has-body-font-family has-medium-font-size\" style=\"font-style:normal;font-weight:600\"><strong>Collaboration avec des Leaders de l&#8217;Industrie<\/strong><\/h3>\n\n\n\n<p class=\"has-text-align-left\">En partenariat avec Barlovento S.A., une entreprise espagnole de premier plan, nous adoptons des techniques avanc\u00e9es et maintenons une supervision stricte pour garantir l&#8217;excellence.<\/p>\n<\/div>\n<\/div>\n<\/div>\n","protected":false},"excerpt":{"rendered":"<p>Aquaculture Chez Barlomar, nous sommes des pionniers de l&#8217;industrie de l&#8217;aquaculture, sp\u00e9cialis\u00e9s dans la culture et la r\u00e9colte de moules de haute qualit\u00e9 dans les eaux pures du sud du Maroc. Culture de Moules Premium Emplacement Id\u00e9al Nos installations sont strat\u00e9giquement situ\u00e9es \u00e0 Imiouaddar, Agadir, o\u00f9 les eaux riches en nutriments offrent un environnement id\u00e9al [&hellip;]<\/p>\n","protected":false},"author":1,"featured_media":0,"parent":0,"menu_order":0,"comment_status":"closed","ping_status":"closed","template":"","meta":{"footnotes":""},"class_list":["post-70","page","type-page","status-publish","hentry"],"_links":{"self":[{"href":"https:\/\/barlomar.ma\/index.php?rest_route=\/wp\/v2\/pages\/70","targetHints":{"allow":["GET"]}}],"collection":[{"href":"https:\/\/barlomar.ma\/index.php?rest_route=\/wp\/v2\/pages"}],"about":[{"href":"https:\/\/barlomar.ma\/index.php?rest_route=\/wp\/v2\/types\/page"}],"author":[{"embeddable":true,"href":"https:\/\/barlomar.ma\/index.php?rest_route=\/wp\/v2\/users\/1"}],"replies":[{"embeddable":true,"href":"https:\/\/barlomar.ma\/index.php?rest_route=%2Fwp%2Fv2%2Fcomments&post=70"}],"version-history":[{"count":10,"href":"https:\/\/barlomar.ma\/index.php?rest_route=\/wp\/v2\/pages\/70\/revisions"}],"predecessor-version":[{"id":188,"href":"https:\/\/barlomar.ma\/index.php?rest_route=\/wp\/v2\/pages\/70\/revisions\/188"}],"wp:attachment":[{"href":"https:\/\/barlomar.ma\/index.php?rest_route=%2Fwp%2Fv2%2Fmedia&parent=70"}],"curies":[{"name":"wp","href":"https:\/\/api.w.org\/{rel}","templated":true}]}}